{"id":4192,"date":"2025-06-22T17:30:33","date_gmt":"2025-06-22T17:30:33","guid":{"rendered":"https:\/\/www.sieruyi.com\/?post_type=product&#038;p=4192"},"modified":"2025-06-22T17:31:56","modified_gmt":"2025-06-22T17:31:56","slug":"ys-013-k6t52172-24v-turbo-actuator-for-hino","status":"publish","type":"product","link":"https:\/\/www.sieruyi.com\/de\/product\/ys-013-k6t52172-24v-turbo-actuator-for-hino","title":{"rendered":"K6T52172 24V Turbo-Stellglied f\u00fcr HINO"},"content":{"rendered":"<p><strong>OE-NR.:<\/strong><\/p>\n<p>K6T52172<\/p>\n<p><strong>Modell:<\/strong><\/p>\n<p>HINO<\/p>\n<p><strong>Stromspannung:<\/strong><\/p>\n<p>24 V<\/p>\n<p><strong>Freundliche Erinnerung<\/strong><\/p>\n<p>Um eine optimale Kompatibilit\u00e4t mit Ihrem Fahrzeug zu gew\u00e4hrleisten, bitten wir Sie, uns die Originalteilenummer (OE-Teilenummer) zur \u00dcberpr\u00fcfung mitzuteilen.<br \/>\nWenn die Kompatibilit\u00e4t des von Ihnen gekauften Teils bereits best\u00e4tigt wurde, ist die Angabe der OE-Nummer nicht erforderlich.<\/p>\n<p>Bitte beachten Sie, dass manche OE-Nummern austauschbar sind oder f\u00fcr mehrere Fahrzeugmodelle gelten. Sollten Sie eine Abweichung zwischen der Nummer auf dem Verpackungsetikett und der von Ihnen bestellten Nummer feststellen, kontaktieren Sie bitte unser Support-Team, bevor Sie eine R\u00fccksendung veranlassen. Wir werden die Angaben umgehend \u00fcberpr\u00fcfen und Ihnen weiterhelfen.<\/p>","protected":false},"excerpt":{"rendered":"<p><strong>Zustand: Neu<\/strong><br \/>\n\u25cf Hohe Qualit\u00e4t<br \/>\n\u25cf Einfache Installation<br \/>\n\u25cf Einfache Bedienung<br \/>\n\u25cf Schnelle Lieferung<br \/>\n<strong>Notiz:<\/strong><br \/>\n\u25cf Bitte vergewissern Sie sich vor dem Kauf, dass es zu Ihrer Maschine passt.<br \/>\n\u25cf Weitere Details entnehmen Sie bitte den Bildern.<br \/>\n\u25cf Sollte dieser Artikel bei Ihnen nicht ordnungsgem\u00e4\u00df funktionieren, kontaktieren Sie bitte unseren Kundenservice. Wir versichern Ihnen, dass wir unser Bestes tun werden, um Ihnen zu helfen.<\/p>","protected":false},"featured_media":0,"template":"","meta":[],"etheme_brands":[],"product_brand":[],"product_cat":[56],"product_tag":[],"class_list":{"0":"post-4192","1":"product","2":"type-product","3":"status-publish","5":"product_cat-turbo-wastegate-actuator","7":"first","8":"instock","9":"shipping-taxable","10":"purchasable","11":"product-type-simple"},"yoast_head":"<!-- This site is optimized with the Yoast SEO Premium plugin v25.4 (Yoast SEO v25.4) - https:\/\/yoast.com\/wordpress\/plugins\/seo\/ -->\n<title>K6T52172 24V Turbo Actuator For HINO - Sieruyi Auto Parts<\/title>\n<meta name=\"robots\" content=\"index, follow, max-snippet:-1, max-image-preview:large, max-video-preview:-1\" \/>\n<link rel=\"canonical\" href=\"https:\/\/www.sieruyi.com\/de\/product\/ys-013-k6t52172-24v-turbo-actuator-for-hino\" \/>\n<meta property=\"og:locale\" content=\"de_DE\" \/>\n<meta property=\"og:type\" content=\"article\" \/>\n<meta property=\"og:title\" content=\"K6T52172 24V Turbo Actuator For HINO\" \/>\n<meta property=\"og:description\" content=\"Condition: NEW \u25cf High Quality \u25cf Easy install \u25cf Simple operation \u25cf Fast delivery Note: \u25cf Please make sure it will fit your machine before purchasing it. \u25cf Please check pictures for more details. \u25cf If this item cannot work properly for you, please contact our Customer Service. We promise we will do our best to serve you.\" \/>\n<meta property=\"og:url\" content=\"https:\/\/www.sieruyi.com\/de\/product\/ys-013-k6t52172-24v-turbo-actuator-for-hino\" \/>\n<meta property=\"og:site_name\" content=\"Sieruyi Auto Parts\" \/>\n<meta property=\"article:modified_time\" content=\"2025-06-22T17:31:56+00:00\" \/>\n<meta name=\"twitter:card\" content=\"summary_large_image\" \/>\n<meta name=\"twitter:label1\" content=\"Gesch\u00e4tzte Lesezeit\" \/>\n\t<meta name=\"twitter:data1\" content=\"1\u00a0Minute\" \/>\n<script type=\"application\/ld+json\" class=\"yoast-schema-graph\">{\"@context\":\"https:\/\/schema.org\",\"@graph\":[{\"@type\":\"WebPage\",\"@id\":\"https:\/\/www.sieruyi.com\/product\/ys-013-k6t52172-24v-turbo-actuator-for-hino\",\"url\":\"https:\/\/www.sieruyi.com\/product\/ys-013-k6t52172-24v-turbo-actuator-for-hino\",\"name\":\"K6T52172 24V Turbo Actuator For HINO - Sieruyi Auto Parts\",\"isPartOf\":{\"@id\":\"https:\/\/www.sieruyi.com\/#website\"},\"datePublished\":\"2025-06-22T17:30:33+00:00\",\"dateModified\":\"2025-06-22T17:31:56+00:00\",\"breadcrumb\":{\"@id\":\"https:\/\/www.sieruyi.com\/product\/ys-013-k6t52172-24v-turbo-actuator-for-hino#breadcrumb\"},\"inLanguage\":\"de\",\"potentialAction\":[{\"@type\":\"ReadAction\",\"target\":[\"https:\/\/www.sieruyi.com\/product\/ys-013-k6t52172-24v-turbo-actuator-for-hino\"]}]},{\"@type\":\"BreadcrumbList\",\"@id\":\"https:\/\/www.sieruyi.com\/product\/ys-013-k6t52172-24v-turbo-actuator-for-hino#breadcrumb\",\"itemListElement\":[{\"@type\":\"ListItem\",\"position\":1,\"name\":\"\u9996\u9875\",\"item\":\"https:\/\/www.sieruyi.com\/\"},{\"@type\":\"ListItem\",\"position\":2,\"name\":\"Products\",\"item\":\"https:\/\/www.sieruyi.com\/product\"},{\"@type\":\"ListItem\",\"position\":3,\"name\":\"K6T52172 24V Turbo Actuator For HINO\"}]},{\"@type\":\"WebSite\",\"@id\":\"https:\/\/www.sieruyi.com\/#website\",\"url\":\"https:\/\/www.sieruyi.com\/\",\"name\":\"Sieruyi Auto Parts\",\"description\":\"\",\"publisher\":{\"@id\":\"https:\/\/www.sieruyi.com\/#organization\"},\"potentialAction\":[{\"@type\":\"SearchAction\",\"target\":{\"@type\":\"EntryPoint\",\"urlTemplate\":\"https:\/\/www.sieruyi.com\/?s={search_term_string}\"},\"query-input\":{\"@type\":\"PropertyValueSpecification\",\"valueRequired\":true,\"valueName\":\"search_term_string\"}}],\"inLanguage\":\"de\"},{\"@type\":\"Organization\",\"@id\":\"https:\/\/www.sieruyi.com\/#organization\",\"name\":\"Sieruyi Auto Parts\",\"url\":\"https:\/\/www.sieruyi.com\/\",\"logo\":{\"@type\":\"ImageObject\",\"inLanguage\":\"de\",\"@id\":\"https:\/\/www.sieruyi.com\/#\/schema\/logo\/image\/\",\"url\":\"https:\/\/www.sieruyi.com\/wp-content\/uploads\/2025\/05\/blacklogo.webp\",\"contentUrl\":\"https:\/\/www.sieruyi.com\/wp-content\/uploads\/2025\/05\/blacklogo.webp\",\"width\":904,\"height\":226,\"caption\":\"Sieruyi Auto Parts\"},\"image\":{\"@id\":\"https:\/\/www.sieruyi.com\/#\/schema\/logo\/image\/\"}}]}<\/script>\n<!-- \/ Yoast SEO Premium plugin. -->","yoast_head_json":{"title":"K6T52172 24V Turbo-Stellglied f\u00fcr HINO - Sieruyi Autoteile","robots":{"index":"index","follow":"follow","max-snippet":"max-snippet:-1","max-image-preview":"max-image-preview:large","max-video-preview":"max-video-preview:-1"},"canonical":"https:\/\/www.sieruyi.com\/de\/product\/ys-013-k6t52172-24v-turbo-actuator-for-hino","og_locale":"de_DE","og_type":"article","og_title":"K6T52172 24V Turbo Actuator For HINO","og_description":"Condition: NEW \u25cf High Quality \u25cf Easy install \u25cf Simple operation \u25cf Fast delivery Note: \u25cf Please make sure it will fit your machine before purchasing it. \u25cf Please check pictures for more details. \u25cf If this item cannot work properly for you, please contact our Customer Service. We promise we will do our best to serve you.","og_url":"https:\/\/www.sieruyi.com\/de\/product\/ys-013-k6t52172-24v-turbo-actuator-for-hino","og_site_name":"Sieruyi Auto Parts","article_modified_time":"2025-06-22T17:31:56+00:00","twitter_card":"summary_large_image","twitter_misc":{"Gesch\u00e4tzte Lesezeit":"1\u00a0Minute"},"schema":{"@context":"https:\/\/schema.org","@graph":[{"@type":"WebPage","@id":"https:\/\/www.sieruyi.com\/product\/ys-013-k6t52172-24v-turbo-actuator-for-hino","url":"https:\/\/www.sieruyi.com\/product\/ys-013-k6t52172-24v-turbo-actuator-for-hino","name":"K6T52172 24V Turbo-Stellglied f\u00fcr HINO - Sieruyi Autoteile","isPartOf":{"@id":"https:\/\/www.sieruyi.com\/#website"},"datePublished":"2025-06-22T17:30:33+00:00","dateModified":"2025-06-22T17:31:56+00:00","breadcrumb":{"@id":"https:\/\/www.sieruyi.com\/product\/ys-013-k6t52172-24v-turbo-actuator-for-hino#breadcrumb"},"inLanguage":"de","potentialAction":[{"@type":"ReadAction","target":["https:\/\/www.sieruyi.com\/product\/ys-013-k6t52172-24v-turbo-actuator-for-hino"]}]},{"@type":"BreadcrumbList","@id":"https:\/\/www.sieruyi.com\/product\/ys-013-k6t52172-24v-turbo-actuator-for-hino#breadcrumb","itemListElement":[{"@type":"ListItem","position":1,"name":"\u9996\u9875","item":"https:\/\/www.sieruyi.com\/"},{"@type":"ListItem","position":2,"name":"Products","item":"https:\/\/www.sieruyi.com\/product"},{"@type":"ListItem","position":3,"name":"K6T52172 24V Turbo Actuator For HINO"}]},{"@type":"WebSite","@id":"https:\/\/www.sieruyi.com\/#website","url":"https:\/\/www.sieruyi.com\/","name":"Sieruyi Autoteile","description":"","publisher":{"@id":"https:\/\/www.sieruyi.com\/#organization"},"potentialAction":[{"@type":"SearchAction","target":{"@type":"EntryPoint","urlTemplate":"https:\/\/www.sieruyi.com\/?s={search_term_string}"},"query-input":{"@type":"PropertyValueSpecification","valueRequired":true,"valueName":"search_term_string"}}],"inLanguage":"de"},{"@type":"Organization","@id":"https:\/\/www.sieruyi.com\/#organization","name":"Sieruyi Autoteile","url":"https:\/\/www.sieruyi.com\/","logo":{"@type":"ImageObject","inLanguage":"de","@id":"https:\/\/www.sieruyi.com\/#\/schema\/logo\/image\/","url":"https:\/\/www.sieruyi.com\/wp-content\/uploads\/2025\/05\/blacklogo.webp","contentUrl":"https:\/\/www.sieruyi.com\/wp-content\/uploads\/2025\/05\/blacklogo.webp","width":904,"height":226,"caption":"Sieruyi Auto Parts"},"image":{"@id":"https:\/\/www.sieruyi.com\/#\/schema\/logo\/image\/"}}]}},"_links":{"self":[{"href":"https:\/\/www.sieruyi.com\/de\/wp-json\/wp\/v2\/product\/4192","targetHints":{"allow":["GET"]}}],"collection":[{"href":"https:\/\/www.sieruyi.com\/de\/wp-json\/wp\/v2\/product"}],"about":[{"href":"https:\/\/www.sieruyi.com\/de\/wp-json\/wp\/v2\/types\/product"}],"version-history":[{"count":1,"href":"https:\/\/www.sieruyi.com\/de\/wp-json\/wp\/v2\/product\/4192\/revisions"}],"predecessor-version":[{"id":4193,"href":"https:\/\/www.sieruyi.com\/de\/wp-json\/wp\/v2\/product\/4192\/revisions\/4193"}],"wp:attachment":[{"href":"https:\/\/www.sieruyi.com\/de\/wp-json\/wp\/v2\/media?parent=4192"}],"wp:term":[{"taxonomy":"brand","embeddable":true,"href":"https:\/\/www.sieruyi.com\/de\/wp-json\/wp\/v2\/etheme_brands?post=4192"},{"taxonomy":"product_brand","embeddable":true,"href":"https:\/\/www.sieruyi.com\/de\/wp-json\/wp\/v2\/product_brand?post=4192"},{"taxonomy":"product_cat","embeddable":true,"href":"https:\/\/www.sieruyi.com\/de\/wp-json\/wp\/v2\/product_cat?post=4192"},{"taxonomy":"product_tag","embeddable":true,"href":"https:\/\/www.sieruyi.com\/de\/wp-json\/wp\/v2\/product_tag?post=4192"}],"curies":[{"name":"wp","href":"https:\/\/api.w.org\/{rel}","templated":true}]}}