{"id":4306,"date":"2025-06-23T03:21:00","date_gmt":"2025-06-23T03:21:00","guid":{"rendered":"https:\/\/www.sieruyi.com\/?post_type=product&#038;p=4306"},"modified":"2025-06-23T05:10:56","modified_gmt":"2025-06-23T05:10:56","slug":"sie-y5209-24v-2837209-turbo-actuator","status":"publish","type":"product","link":"https:\/\/www.sieruyi.com\/es\/product\/sie-y5209-24v-2837209-turbo-actuator","title":{"rendered":"Actuador de turbo Holset 2837209 para motor Cummins serie ISX"},"content":{"rendered":"<p><strong>N\u00famero de pieza del actuador:<\/strong><\/p>\n<p>2837209<\/p>\n<p><strong>Modelo Turbo:<\/strong><\/p>\n<p>\/<\/p>\n<p><strong>N\u00famero de pieza del actuador:<\/strong><\/p>\n<p>3771198\/3771200\/3792916\/3792918\/3775690\/<br \/>\n3775692<\/p>\n<p><strong>Turbocompresor NO:<\/strong><\/p>\n<p>3771202\/5350609\/3795154\/3792914\/3775687<\/p>\n<p><strong>SOLICITUD:<\/strong><\/p>\n<p>Motor Cummins serie ISX<\/p>\n<p><strong>Voltaje:<\/strong><\/p>\n<p>24 V<\/p>\n<p><strong>Nota:<\/strong><\/p>\n<p>\u25cf Garant\u00eda del fabricante: 1 a\u00f1o<br \/>\n\u25cf Aseg\u00farese de que sea compatible con su m\u00e1quina antes de comprarlo.<br \/>\n\u25cf Consulte las im\u00e1genes para obtener m\u00e1s detalles.<br \/>\n\u25cf Si este art\u00edculo no funciona correctamente, p\u00f3ngase en contacto con nuestro Servicio de Atenci\u00f3n al Cliente. Le prometemos que haremos todo lo posible por ayudarle.<\/p>","protected":false},"excerpt":{"rendered":"<ul>\n<li><strong>N\u00famero de pieza del actuador.<\/strong>: 2837209<\/li>\n<li><strong>Modelo turbo<\/strong>: \/<\/li>\n<li><strong>N\u00famero de pieza del actuador<\/strong>: 3771198\/3771200\/3792916\/3792918\/3775690\/<br \/>\n3775692<\/li>\n<li><strong>Turbocompresor NO.<\/strong>: 3771202\/5350609\/3795154\/3792914\/3775687<\/li>\n<li><strong>SOLICITUD<\/strong>Motor Cummins serie ISX<\/li>\n<li><strong>Voltaje<\/strong>: 24V<\/li>\n<\/ul>","protected":false},"featured_media":4266,"template":"","meta":[],"etheme_brands":[],"product_brand":[],"product_cat":[54],"product_tag":[],"class_list":{"0":"post-4306","1":"product","2":"type-product","3":"status-publish","4":"has-post-thumbnail","6":"product_cat-he531ve-series","8":"first","9":"instock","10":"shipping-taxable","11":"purchasable","12":"product-type-simple"},"yoast_head":"<!-- This site is optimized with the Yoast SEO Premium plugin v25.4 (Yoast SEO v25.4) - https:\/\/yoast.com\/wordpress\/plugins\/seo\/ -->\n<title>Holset Turbo Actuator 2837209 For Cummins ISX Series Engine - Sieruyi Auto Parts<\/title>\n<meta name=\"robots\" content=\"index, follow, max-snippet:-1, max-image-preview:large, max-video-preview:-1\" \/>\n<link rel=\"canonical\" href=\"https:\/\/www.sieruyi.com\/es\/product\/sie-y5209-24v-2837209-turbo-actuator\" \/>\n<meta property=\"og:locale\" content=\"es_ES\" \/>\n<meta property=\"og:type\" content=\"article\" \/>\n<meta property=\"og:title\" content=\"Holset Turbo Actuator 2837209 For Cummins ISX Series Engine\" \/>\n<meta property=\"og:description\" content=\"Actuator part NO.: 2837209  Turbo model: \/  Actuator Part Number: 3771198\/3771200\/3792916\/3792918\/3775690\/ 3775692  Turbocharger NO.: 3771202\/5350609\/3795154\/3792914\/3775687  APPLICATION: Cummins ISX Series Engine  Voltage: 24V\" \/>\n<meta property=\"og:url\" content=\"https:\/\/www.sieruyi.com\/es\/product\/sie-y5209-24v-2837209-turbo-actuator\" \/>\n<meta property=\"og:site_name\" content=\"Sieruyi Auto Parts\" \/>\n<meta property=\"article:modified_time\" content=\"2025-06-23T05:10:56+00:00\" \/>\n<meta property=\"og:image\" content=\"https:\/\/www.sieruyi.com\/wp-content\/uploads\/2025\/06\/SIE_YS5_Series_turbo_actuator_p0.webp\" \/>\n\t<meta property=\"og:image:width\" content=\"800\" \/>\n\t<meta property=\"og:image:height\" content=\"800\" \/>\n\t<meta property=\"og:image:type\" content=\"image\/webp\" \/>\n<meta name=\"twitter:card\" content=\"summary_large_image\" \/>\n<script type=\"application\/ld+json\" class=\"yoast-schema-graph\">{\"@context\":\"https:\/\/schema.org\",\"@graph\":[{\"@type\":\"WebPage\",\"@id\":\"https:\/\/www.sieruyi.com\/product\/sie-y5209-24v-2837209-turbo-actuator\",\"url\":\"https:\/\/www.sieruyi.com\/product\/sie-y5209-24v-2837209-turbo-actuator\",\"name\":\"Holset Turbo Actuator 2837209 For Cummins ISX Series Engine - Sieruyi Auto Parts\",\"isPartOf\":{\"@id\":\"https:\/\/www.sieruyi.com\/#website\"},\"primaryImageOfPage\":{\"@id\":\"https:\/\/www.sieruyi.com\/product\/sie-y5209-24v-2837209-turbo-actuator#primaryimage\"},\"image\":{\"@id\":\"https:\/\/www.sieruyi.com\/product\/sie-y5209-24v-2837209-turbo-actuator#primaryimage\"},\"thumbnailUrl\":\"https:\/\/www.sieruyi.com\/wp-content\/uploads\/2025\/06\/SIE_YS5_Series_turbo_actuator_p0.webp\",\"datePublished\":\"2025-06-23T03:21:00+00:00\",\"dateModified\":\"2025-06-23T05:10:56+00:00\",\"breadcrumb\":{\"@id\":\"https:\/\/www.sieruyi.com\/product\/sie-y5209-24v-2837209-turbo-actuator#breadcrumb\"},\"inLanguage\":\"es\",\"potentialAction\":[{\"@type\":\"ReadAction\",\"target\":[\"https:\/\/www.sieruyi.com\/product\/sie-y5209-24v-2837209-turbo-actuator\"]}]},{\"@type\":\"ImageObject\",\"inLanguage\":\"es\",\"@id\":\"https:\/\/www.sieruyi.com\/product\/sie-y5209-24v-2837209-turbo-actuator#primaryimage\",\"url\":\"https:\/\/www.sieruyi.com\/wp-content\/uploads\/2025\/06\/SIE_YS5_Series_turbo_actuator_p0.webp\",\"contentUrl\":\"https:\/\/www.sieruyi.com\/wp-content\/uploads\/2025\/06\/SIE_YS5_Series_turbo_actuator_p0.webp\",\"width\":800,\"height\":800},{\"@type\":\"BreadcrumbList\",\"@id\":\"https:\/\/www.sieruyi.com\/product\/sie-y5209-24v-2837209-turbo-actuator#breadcrumb\",\"itemListElement\":[{\"@type\":\"ListItem\",\"position\":1,\"name\":\"\u9996\u9875\",\"item\":\"https:\/\/www.sieruyi.com\/\"},{\"@type\":\"ListItem\",\"position\":2,\"name\":\"Products\",\"item\":\"https:\/\/www.sieruyi.com\/product\"},{\"@type\":\"ListItem\",\"position\":3,\"name\":\"Holset Turbo Actuator 2837209 For Cummins ISX Series Engine\"}]},{\"@type\":\"WebSite\",\"@id\":\"https:\/\/www.sieruyi.com\/#website\",\"url\":\"https:\/\/www.sieruyi.com\/\",\"name\":\"Sieruyi Auto Parts\",\"description\":\"\",\"publisher\":{\"@id\":\"https:\/\/www.sieruyi.com\/#organization\"},\"potentialAction\":[{\"@type\":\"SearchAction\",\"target\":{\"@type\":\"EntryPoint\",\"urlTemplate\":\"https:\/\/www.sieruyi.com\/?s={search_term_string}\"},\"query-input\":{\"@type\":\"PropertyValueSpecification\",\"valueRequired\":true,\"valueName\":\"search_term_string\"}}],\"inLanguage\":\"es\"},{\"@type\":\"Organization\",\"@id\":\"https:\/\/www.sieruyi.com\/#organization\",\"name\":\"Sieruyi Auto Parts\",\"url\":\"https:\/\/www.sieruyi.com\/\",\"logo\":{\"@type\":\"ImageObject\",\"inLanguage\":\"es\",\"@id\":\"https:\/\/www.sieruyi.com\/#\/schema\/logo\/image\/\",\"url\":\"https:\/\/www.sieruyi.com\/wp-content\/uploads\/2025\/05\/blacklogo.webp\",\"contentUrl\":\"https:\/\/www.sieruyi.com\/wp-content\/uploads\/2025\/05\/blacklogo.webp\",\"width\":904,\"height\":226,\"caption\":\"Sieruyi Auto Parts\"},\"image\":{\"@id\":\"https:\/\/www.sieruyi.com\/#\/schema\/logo\/image\/\"}}]}<\/script>\n<!-- \/ Yoast SEO Premium plugin. -->","yoast_head_json":{"title":"Actuador de turbo Holset 2837209 para motor Cummins serie ISX - Sieruyi Auto Parts","robots":{"index":"index","follow":"follow","max-snippet":"max-snippet:-1","max-image-preview":"max-image-preview:large","max-video-preview":"max-video-preview:-1"},"canonical":"https:\/\/www.sieruyi.com\/es\/product\/sie-y5209-24v-2837209-turbo-actuator","og_locale":"es_ES","og_type":"article","og_title":"Holset Turbo Actuator 2837209 For Cummins ISX Series Engine","og_description":"Actuator part NO.: 2837209  Turbo model: \/  Actuator Part Number: 3771198\/3771200\/3792916\/3792918\/3775690\/ 3775692  Turbocharger NO.: 3771202\/5350609\/3795154\/3792914\/3775687  APPLICATION: Cummins ISX Series Engine  Voltage: 24V","og_url":"https:\/\/www.sieruyi.com\/es\/product\/sie-y5209-24v-2837209-turbo-actuator","og_site_name":"Sieruyi Auto Parts","article_modified_time":"2025-06-23T05:10:56+00:00","og_image":[{"width":800,"height":800,"url":"https:\/\/www.sieruyi.com\/wp-content\/uploads\/2025\/06\/SIE_YS5_Series_turbo_actuator_p0.webp","type":"image\/webp"}],"twitter_card":"summary_large_image","schema":{"@context":"https:\/\/schema.org","@graph":[{"@type":"WebPage","@id":"https:\/\/www.sieruyi.com\/product\/sie-y5209-24v-2837209-turbo-actuator","url":"https:\/\/www.sieruyi.com\/product\/sie-y5209-24v-2837209-turbo-actuator","name":"Actuador de turbo Holset 2837209 para motor Cummins serie ISX - Sieruyi Auto Parts","isPartOf":{"@id":"https:\/\/www.sieruyi.com\/#website"},"primaryImageOfPage":{"@id":"https:\/\/www.sieruyi.com\/product\/sie-y5209-24v-2837209-turbo-actuator#primaryimage"},"image":{"@id":"https:\/\/www.sieruyi.com\/product\/sie-y5209-24v-2837209-turbo-actuator#primaryimage"},"thumbnailUrl":"https:\/\/www.sieruyi.com\/wp-content\/uploads\/2025\/06\/SIE_YS5_Series_turbo_actuator_p0.webp","datePublished":"2025-06-23T03:21:00+00:00","dateModified":"2025-06-23T05:10:56+00:00","breadcrumb":{"@id":"https:\/\/www.sieruyi.com\/product\/sie-y5209-24v-2837209-turbo-actuator#breadcrumb"},"inLanguage":"es","potentialAction":[{"@type":"ReadAction","target":["https:\/\/www.sieruyi.com\/product\/sie-y5209-24v-2837209-turbo-actuator"]}]},{"@type":"ImageObject","inLanguage":"es","@id":"https:\/\/www.sieruyi.com\/product\/sie-y5209-24v-2837209-turbo-actuator#primaryimage","url":"https:\/\/www.sieruyi.com\/wp-content\/uploads\/2025\/06\/SIE_YS5_Series_turbo_actuator_p0.webp","contentUrl":"https:\/\/www.sieruyi.com\/wp-content\/uploads\/2025\/06\/SIE_YS5_Series_turbo_actuator_p0.webp","width":800,"height":800},{"@type":"BreadcrumbList","@id":"https:\/\/www.sieruyi.com\/product\/sie-y5209-24v-2837209-turbo-actuator#breadcrumb","itemListElement":[{"@type":"ListItem","position":1,"name":"\u9996\u9875","item":"https:\/\/www.sieruyi.com\/"},{"@type":"ListItem","position":2,"name":"Products","item":"https:\/\/www.sieruyi.com\/product"},{"@type":"ListItem","position":3,"name":"Holset Turbo Actuator 2837209 For Cummins ISX Series Engine"}]},{"@type":"WebSite","@id":"https:\/\/www.sieruyi.com\/#website","url":"https:\/\/www.sieruyi.com\/","name":"Repuestos para autom\u00f3viles Sieruyi","description":"","publisher":{"@id":"https:\/\/www.sieruyi.com\/#organization"},"potentialAction":[{"@type":"SearchAction","target":{"@type":"EntryPoint","urlTemplate":"https:\/\/www.sieruyi.com\/?s={search_term_string}"},"query-input":{"@type":"PropertyValueSpecification","valueRequired":true,"valueName":"search_term_string"}}],"inLanguage":"es"},{"@type":"Organization","@id":"https:\/\/www.sieruyi.com\/#organization","name":"Repuestos para autom\u00f3viles Sieruyi","url":"https:\/\/www.sieruyi.com\/","logo":{"@type":"ImageObject","inLanguage":"es","@id":"https:\/\/www.sieruyi.com\/#\/schema\/logo\/image\/","url":"https:\/\/www.sieruyi.com\/wp-content\/uploads\/2025\/05\/blacklogo.webp","contentUrl":"https:\/\/www.sieruyi.com\/wp-content\/uploads\/2025\/05\/blacklogo.webp","width":904,"height":226,"caption":"Sieruyi Auto Parts"},"image":{"@id":"https:\/\/www.sieruyi.com\/#\/schema\/logo\/image\/"}}]}},"_links":{"self":[{"href":"https:\/\/www.sieruyi.com\/es\/wp-json\/wp\/v2\/product\/4306","targetHints":{"allow":["GET"]}}],"collection":[{"href":"https:\/\/www.sieruyi.com\/es\/wp-json\/wp\/v2\/product"}],"about":[{"href":"https:\/\/www.sieruyi.com\/es\/wp-json\/wp\/v2\/types\/product"}],"version-history":[{"count":1,"href":"https:\/\/www.sieruyi.com\/es\/wp-json\/wp\/v2\/product\/4306\/revisions"}],"predecessor-version":[{"id":4307,"href":"https:\/\/www.sieruyi.com\/es\/wp-json\/wp\/v2\/product\/4306\/revisions\/4307"}],"wp:featuredmedia":[{"embeddable":true,"href":"https:\/\/www.sieruyi.com\/es\/wp-json\/wp\/v2\/media\/4266"}],"wp:attachment":[{"href":"https:\/\/www.sieruyi.com\/es\/wp-json\/wp\/v2\/media?parent=4306"}],"wp:term":[{"taxonomy":"brand","embeddable":true,"href":"https:\/\/www.sieruyi.com\/es\/wp-json\/wp\/v2\/etheme_brands?post=4306"},{"taxonomy":"product_brand","embeddable":true,"href":"https:\/\/www.sieruyi.com\/es\/wp-json\/wp\/v2\/product_brand?post=4306"},{"taxonomy":"product_cat","embeddable":true,"href":"https:\/\/www.sieruyi.com\/es\/wp-json\/wp\/v2\/product_cat?post=4306"},{"taxonomy":"product_tag","embeddable":true,"href":"https:\/\/www.sieruyi.com\/es\/wp-json\/wp\/v2\/product_tag?post=4306"}],"curies":[{"name":"wp","href":"https:\/\/api.w.org\/{rel}","templated":true}]}}