{"id":4391,"date":"2025-07-07T09:33:21","date_gmt":"2025-07-07T09:33:21","guid":{"rendered":"https:\/\/www.sieruyi.com\/?post_type=product&#038;p=4391"},"modified":"2025-07-10T07:37:53","modified_gmt":"2025-07-10T07:37:53","slug":"sie-y3109-2837675-turbo-actuator","status":"publish","type":"product","link":"https:\/\/www.sieruyi.com\/es\/product\/sie-y3109-2837675-turbo-actuator","title":{"rendered":"Actuador de turbo Holset HE300VG\/HE351VE 2837675 para Dodge Ram Cummins ISB 6.7L (2007.5-2012)"},"content":{"rendered":"<p><strong>N\u00famero de pieza del actuador:<\/strong><\/p>\n<p>2837675<\/p>\n<p><strong>Modelo Turbo:<\/strong><\/p>\n<p>HE300VG\/HE351VE<\/p>\n<p><strong>N\u00famero de pieza del actuador:<\/strong><\/p>\n<p>3771640\/3791785\/3791788\/3791776\/3791790\/3791782\/3791777\/2839135<\/p>\n<p><strong>Turbocompresor NO:<\/strong><\/p>\n<p>3771653\/3791770\/3791772\/3791765\/3791771\/3796659\/2839144\/4032772HX<\/p>\n<p><strong>SOLICITUD:<\/strong><\/p>\n<p>Dodge Ram Cummins ISB 6.7L (2007.5-2012)<\/p>\n<p><strong>Voltaje:<\/strong><\/p>\n<p>12V<\/p>\n<p><strong>Nota:<\/strong><\/p>\n<p>\u25cf Garant\u00eda del fabricante: 1 a\u00f1o<\/p>\n<p>\u25cf Aseg\u00farese de que sea compatible con su m\u00e1quina antes de comprarlo.<\/p>\n<p>\u25cf Consulte las im\u00e1genes para obtener m\u00e1s detalles.<\/p>\n<p>\u25cf Si este art\u00edculo no funciona correctamente, p\u00f3ngase en contacto con nuestro Servicio de Atenci\u00f3n al Cliente. Le prometemos que haremos todo lo posible por ayudarle.<\/p>","protected":false},"excerpt":{"rendered":"<ul>\n<li><strong>N\u00famero de pieza del actuador.<\/strong>: 2837675<\/li>\n<li><strong>Modelo turbo<\/strong>HE300VG\/HE351VE<\/li>\n<li><strong>N\u00famero de pieza del actuador<\/strong>: 3771640\/3791785\/3791788\/3791776\/3791790\/3791782\/3791777\/2839135<\/li>\n<li><strong>Turbocompresor NO.<\/strong>: 3771653\/3791770\/3791772\/3791765\/3791771\/3796659\/2839144\/4032772HX<\/li>\n<li><strong>SOLICITUD<\/strong>Dodge Ram Cummins ISB 6.7L (2007.5-2012)<\/li>\n<li><strong>Voltaje<\/strong>12 V<\/li>\n<\/ul>","protected":false},"featured_media":4392,"template":"","meta":[],"etheme_brands":[],"product_brand":[],"product_cat":[134,150],"product_tag":[],"class_list":{"0":"post-4391","1":"product","2":"type-product","3":"status-publish","4":"has-post-thumbnail","6":"product_cat-he300vg-series","7":"product_cat-he351ve-series","9":"first","10":"instock","11":"shipping-taxable","12":"purchasable","13":"product-type-simple"},"yoast_head":"<!-- This site is optimized with the Yoast SEO Premium plugin v25.4 (Yoast SEO v25.4) - https:\/\/yoast.com\/wordpress\/plugins\/seo\/ -->\n<title>Holset HE300VG\/HE351VE Turbo Actuator 2837675 For 2007.5-2012 6.7L Dodge Ram Cummins ISB - Sieruyi Auto Parts<\/title>\n<meta name=\"robots\" content=\"index, follow, max-snippet:-1, max-image-preview:large, max-video-preview:-1\" \/>\n<link rel=\"canonical\" href=\"https:\/\/www.sieruyi.com\/es\/product\/sie-y3109-2837675-turbo-actuator\" \/>\n<meta property=\"og:locale\" content=\"es_ES\" \/>\n<meta property=\"og:type\" content=\"article\" \/>\n<meta property=\"og:title\" content=\"Holset HE300VG\/HE351VE Turbo Actuator 2837675 For 2007.5-2012 6.7L Dodge Ram Cummins ISB\" \/>\n<meta property=\"og:description\" content=\"Actuator part NO.: 2837675  Turbo model: HE300VG\/HE351VE  Actuator Part Number: 3771640\/3791785\/3791788\/3791776\/3791790\/3791782\/3791777\/2839135  Turbocharger NO.: 3771653\/3791770\/3791772\/3791765\/3791771\/3796659\/2839144\/4032772HX  APPLICATION: 2007.5-2012 6.7L Dodge Ram Cummins ISB  Voltage: 12V\" \/>\n<meta property=\"og:url\" content=\"https:\/\/www.sieruyi.com\/es\/product\/sie-y3109-2837675-turbo-actuator\" \/>\n<meta property=\"og:site_name\" content=\"Sieruyi Auto Parts\" \/>\n<meta property=\"article:modified_time\" content=\"2025-07-10T07:37:53+00:00\" \/>\n<meta property=\"og:image\" content=\"https:\/\/www.sieruyi.com\/wp-content\/uploads\/2025\/07\/Y3109-turbo-actuator-p1.webp\" \/>\n\t<meta property=\"og:image:width\" content=\"871\" \/>\n\t<meta property=\"og:image:height\" content=\"547\" \/>\n\t<meta property=\"og:image:type\" content=\"image\/webp\" \/>\n<meta name=\"twitter:card\" content=\"summary_large_image\" \/>\n<script type=\"application\/ld+json\" class=\"yoast-schema-graph\">{\"@context\":\"https:\/\/schema.org\",\"@graph\":[{\"@type\":\"WebPage\",\"@id\":\"https:\/\/www.sieruyi.com\/product\/sie-y3109-2837675-turbo-actuator\",\"url\":\"https:\/\/www.sieruyi.com\/product\/sie-y3109-2837675-turbo-actuator\",\"name\":\"Holset HE300VG\/HE351VE Turbo Actuator 2837675 For 2007.5-2012 6.7L Dodge Ram Cummins ISB - Sieruyi Auto Parts\",\"isPartOf\":{\"@id\":\"https:\/\/www.sieruyi.com\/#website\"},\"primaryImageOfPage\":{\"@id\":\"https:\/\/www.sieruyi.com\/product\/sie-y3109-2837675-turbo-actuator#primaryimage\"},\"image\":{\"@id\":\"https:\/\/www.sieruyi.com\/product\/sie-y3109-2837675-turbo-actuator#primaryimage\"},\"thumbnailUrl\":\"https:\/\/www.sieruyi.com\/wp-content\/uploads\/2025\/07\/Y3109-turbo-actuator-p1.webp\",\"datePublished\":\"2025-07-07T09:33:21+00:00\",\"dateModified\":\"2025-07-10T07:37:53+00:00\",\"breadcrumb\":{\"@id\":\"https:\/\/www.sieruyi.com\/product\/sie-y3109-2837675-turbo-actuator#breadcrumb\"},\"inLanguage\":\"es\",\"potentialAction\":[{\"@type\":\"ReadAction\",\"target\":[\"https:\/\/www.sieruyi.com\/product\/sie-y3109-2837675-turbo-actuator\"]}]},{\"@type\":\"ImageObject\",\"inLanguage\":\"es\",\"@id\":\"https:\/\/www.sieruyi.com\/product\/sie-y3109-2837675-turbo-actuator#primaryimage\",\"url\":\"https:\/\/www.sieruyi.com\/wp-content\/uploads\/2025\/07\/Y3109-turbo-actuator-p1.webp\",\"contentUrl\":\"https:\/\/www.sieruyi.com\/wp-content\/uploads\/2025\/07\/Y3109-turbo-actuator-p1.webp\",\"width\":871,\"height\":547},{\"@type\":\"BreadcrumbList\",\"@id\":\"https:\/\/www.sieruyi.com\/product\/sie-y3109-2837675-turbo-actuator#breadcrumb\",\"itemListElement\":[{\"@type\":\"ListItem\",\"position\":1,\"name\":\"\u9996\u9875\",\"item\":\"https:\/\/www.sieruyi.com\/\"},{\"@type\":\"ListItem\",\"position\":2,\"name\":\"Products\",\"item\":\"https:\/\/www.sieruyi.com\/product\"},{\"@type\":\"ListItem\",\"position\":3,\"name\":\"Holset HE300VG\/HE351VE Turbo Actuator 2837675 For 2007.5-2012 6.7L Dodge Ram Cummins ISB\"}]},{\"@type\":\"WebSite\",\"@id\":\"https:\/\/www.sieruyi.com\/#website\",\"url\":\"https:\/\/www.sieruyi.com\/\",\"name\":\"Sieruyi Auto Parts\",\"description\":\"\",\"publisher\":{\"@id\":\"https:\/\/www.sieruyi.com\/#organization\"},\"potentialAction\":[{\"@type\":\"SearchAction\",\"target\":{\"@type\":\"EntryPoint\",\"urlTemplate\":\"https:\/\/www.sieruyi.com\/?s={search_term_string}\"},\"query-input\":{\"@type\":\"PropertyValueSpecification\",\"valueRequired\":true,\"valueName\":\"search_term_string\"}}],\"inLanguage\":\"es\"},{\"@type\":\"Organization\",\"@id\":\"https:\/\/www.sieruyi.com\/#organization\",\"name\":\"Sieruyi Auto Parts\",\"url\":\"https:\/\/www.sieruyi.com\/\",\"logo\":{\"@type\":\"ImageObject\",\"inLanguage\":\"es\",\"@id\":\"https:\/\/www.sieruyi.com\/#\/schema\/logo\/image\/\",\"url\":\"https:\/\/www.sieruyi.com\/wp-content\/uploads\/2025\/05\/blacklogo.webp\",\"contentUrl\":\"https:\/\/www.sieruyi.com\/wp-content\/uploads\/2025\/05\/blacklogo.webp\",\"width\":904,\"height\":226,\"caption\":\"Sieruyi Auto Parts\"},\"image\":{\"@id\":\"https:\/\/www.sieruyi.com\/#\/schema\/logo\/image\/\"}}]}<\/script>\n<!-- \/ Yoast SEO Premium plugin. -->","yoast_head_json":{"title":"Actuador de turbo Holset HE300VG\/HE351VE 2837675 para Dodge Ram Cummins ISB 6.7L (2007.5-2012) - Sieruyi Auto Parts","robots":{"index":"index","follow":"follow","max-snippet":"max-snippet:-1","max-image-preview":"max-image-preview:large","max-video-preview":"max-video-preview:-1"},"canonical":"https:\/\/www.sieruyi.com\/es\/product\/sie-y3109-2837675-turbo-actuator","og_locale":"es_ES","og_type":"article","og_title":"Holset HE300VG\/HE351VE Turbo Actuator 2837675 For 2007.5-2012 6.7L Dodge Ram Cummins ISB","og_description":"Actuator part NO.: 2837675  Turbo model: HE300VG\/HE351VE  Actuator Part Number: 3771640\/3791785\/3791788\/3791776\/3791790\/3791782\/3791777\/2839135  Turbocharger NO.: 3771653\/3791770\/3791772\/3791765\/3791771\/3796659\/2839144\/4032772HX  APPLICATION: 2007.5-2012 6.7L Dodge Ram Cummins ISB  Voltage: 12V","og_url":"https:\/\/www.sieruyi.com\/es\/product\/sie-y3109-2837675-turbo-actuator","og_site_name":"Sieruyi Auto Parts","article_modified_time":"2025-07-10T07:37:53+00:00","og_image":[{"width":871,"height":547,"url":"https:\/\/www.sieruyi.com\/wp-content\/uploads\/2025\/07\/Y3109-turbo-actuator-p1.webp","type":"image\/webp"}],"twitter_card":"summary_large_image","schema":{"@context":"https:\/\/schema.org","@graph":[{"@type":"WebPage","@id":"https:\/\/www.sieruyi.com\/product\/sie-y3109-2837675-turbo-actuator","url":"https:\/\/www.sieruyi.com\/product\/sie-y3109-2837675-turbo-actuator","name":"Actuador de turbo Holset HE300VG\/HE351VE 2837675 para Dodge Ram Cummins ISB 6.7L (2007.5-2012) - Sieruyi Auto Parts","isPartOf":{"@id":"https:\/\/www.sieruyi.com\/#website"},"primaryImageOfPage":{"@id":"https:\/\/www.sieruyi.com\/product\/sie-y3109-2837675-turbo-actuator#primaryimage"},"image":{"@id":"https:\/\/www.sieruyi.com\/product\/sie-y3109-2837675-turbo-actuator#primaryimage"},"thumbnailUrl":"https:\/\/www.sieruyi.com\/wp-content\/uploads\/2025\/07\/Y3109-turbo-actuator-p1.webp","datePublished":"2025-07-07T09:33:21+00:00","dateModified":"2025-07-10T07:37:53+00:00","breadcrumb":{"@id":"https:\/\/www.sieruyi.com\/product\/sie-y3109-2837675-turbo-actuator#breadcrumb"},"inLanguage":"es","potentialAction":[{"@type":"ReadAction","target":["https:\/\/www.sieruyi.com\/product\/sie-y3109-2837675-turbo-actuator"]}]},{"@type":"ImageObject","inLanguage":"es","@id":"https:\/\/www.sieruyi.com\/product\/sie-y3109-2837675-turbo-actuator#primaryimage","url":"https:\/\/www.sieruyi.com\/wp-content\/uploads\/2025\/07\/Y3109-turbo-actuator-p1.webp","contentUrl":"https:\/\/www.sieruyi.com\/wp-content\/uploads\/2025\/07\/Y3109-turbo-actuator-p1.webp","width":871,"height":547},{"@type":"BreadcrumbList","@id":"https:\/\/www.sieruyi.com\/product\/sie-y3109-2837675-turbo-actuator#breadcrumb","itemListElement":[{"@type":"ListItem","position":1,"name":"\u9996\u9875","item":"https:\/\/www.sieruyi.com\/"},{"@type":"ListItem","position":2,"name":"Products","item":"https:\/\/www.sieruyi.com\/product"},{"@type":"ListItem","position":3,"name":"Holset HE300VG\/HE351VE Turbo Actuator 2837675 For 2007.5-2012 6.7L Dodge Ram Cummins ISB"}]},{"@type":"WebSite","@id":"https:\/\/www.sieruyi.com\/#website","url":"https:\/\/www.sieruyi.com\/","name":"Repuestos para autom\u00f3viles Sieruyi","description":"","publisher":{"@id":"https:\/\/www.sieruyi.com\/#organization"},"potentialAction":[{"@type":"SearchAction","target":{"@type":"EntryPoint","urlTemplate":"https:\/\/www.sieruyi.com\/?s={search_term_string}"},"query-input":{"@type":"PropertyValueSpecification","valueRequired":true,"valueName":"search_term_string"}}],"inLanguage":"es"},{"@type":"Organization","@id":"https:\/\/www.sieruyi.com\/#organization","name":"Repuestos para autom\u00f3viles Sieruyi","url":"https:\/\/www.sieruyi.com\/","logo":{"@type":"ImageObject","inLanguage":"es","@id":"https:\/\/www.sieruyi.com\/#\/schema\/logo\/image\/","url":"https:\/\/www.sieruyi.com\/wp-content\/uploads\/2025\/05\/blacklogo.webp","contentUrl":"https:\/\/www.sieruyi.com\/wp-content\/uploads\/2025\/05\/blacklogo.webp","width":904,"height":226,"caption":"Sieruyi Auto Parts"},"image":{"@id":"https:\/\/www.sieruyi.com\/#\/schema\/logo\/image\/"}}]}},"_links":{"self":[{"href":"https:\/\/www.sieruyi.com\/es\/wp-json\/wp\/v2\/product\/4391","targetHints":{"allow":["GET"]}}],"collection":[{"href":"https:\/\/www.sieruyi.com\/es\/wp-json\/wp\/v2\/product"}],"about":[{"href":"https:\/\/www.sieruyi.com\/es\/wp-json\/wp\/v2\/types\/product"}],"version-history":[{"count":1,"href":"https:\/\/www.sieruyi.com\/es\/wp-json\/wp\/v2\/product\/4391\/revisions"}],"predecessor-version":[{"id":4393,"href":"https:\/\/www.sieruyi.com\/es\/wp-json\/wp\/v2\/product\/4391\/revisions\/4393"}],"wp:featuredmedia":[{"embeddable":true,"href":"https:\/\/www.sieruyi.com\/es\/wp-json\/wp\/v2\/media\/4392"}],"wp:attachment":[{"href":"https:\/\/www.sieruyi.com\/es\/wp-json\/wp\/v2\/media?parent=4391"}],"wp:term":[{"taxonomy":"brand","embeddable":true,"href":"https:\/\/www.sieruyi.com\/es\/wp-json\/wp\/v2\/etheme_brands?post=4391"},{"taxonomy":"product_brand","embeddable":true,"href":"https:\/\/www.sieruyi.com\/es\/wp-json\/wp\/v2\/product_brand?post=4391"},{"taxonomy":"product_cat","embeddable":true,"href":"https:\/\/www.sieruyi.com\/es\/wp-json\/wp\/v2\/product_cat?post=4391"},{"taxonomy":"product_tag","embeddable":true,"href":"https:\/\/www.sieruyi.com\/es\/wp-json\/wp\/v2\/product_tag?post=4391"}],"curies":[{"name":"wp","href":"https:\/\/api.w.org\/{rel}","templated":true}]}}