{"id":1742,"date":"2025-06-12T06:02:00","date_gmt":"2025-06-12T06:02:00","guid":{"rendered":"https:\/\/www.sieruyi.com\/?post_type=product&#038;p=1742"},"modified":"2025-06-23T03:04:55","modified_gmt":"2025-06-23T03:04:55","slug":"sie-y5104-12v-3787565-actuator","status":"publish","type":"product","link":"https:\/\/www.sieruyi.com\/pt\/product\/sie-y5104-12v-3787565-actuator","title":{"rendered":"Atuador de turbo Holset 3787565 para motor diesel Cummins ISC 8.3 de 2010 em diante"},"content":{"rendered":"<p><strong>N\u00famero da pe\u00e7a do atuador:<\/strong><\/p>\n<p>3787565<\/p>\n<p><strong>Modelo Turbo:<\/strong><\/p>\n<p>\/<\/p>\n<p><strong>N\u00famero da pe\u00e7a do atuador:<\/strong><\/p>\n<p>4034287\/ 4034287HX\/ 4034118\/ 4032765\/ 4032765NX\/4034282RX\/4034287HX\/4034118\/<br \/>\n4032765\/4032765NX\/4034282RX\/2840219\/<br \/>\n4034122HX<\/p>\n<p><strong>Turbocompressor N\u00c3O:<\/strong><\/p>\n<p>\/<\/p>\n<p><strong>APLICATIVO:<\/strong><\/p>\n<p>2010 - Motor diesel Cummins ISC 8.3<\/p>\n<p><strong>Tens\u00e3o:<\/strong><\/p>\n<p>12V<\/p>\n<p><strong>Observa\u00e7\u00e3o:<\/strong><\/p>\n<p>\u25cf Garantia do fabricante de 1 ano<\/p>\n<p>\u25cf Certifique-se de que \u00e9 compat\u00edvel com sua m\u00e1quina antes de comprar.<\/p>\n<p>\u25cf Consulte as imagens para obter mais detalhes.<\/p>\n<p>\u25cf Se este produto n\u00e3o funcionar corretamente para voc\u00ea, entre em contato com nosso Servi\u00e7o de Atendimento ao Cliente. Prometemos fazer o poss\u00edvel para atend\u00ea-lo(a).<\/p>","protected":false},"excerpt":{"rendered":"<ul>\n<li><strong>N\u00famero da pe\u00e7a do atuador.<\/strong>: 3787565<\/li>\n<li><strong>N\u00famero da pe\u00e7a do atuador<\/strong>: 4034287 \/ 4034287HX \/ 4034118 \/ 4032765 \/ 4032765NX \/ 4034282RX \/ 4034287HX \/ 4034118 \/ 4032765 \/ 4032765NX \/ 4034282RX \/ 2840219 \/ 4034122HX<\/li>\n<li><strong>APLICATIVO<\/strong>: 2010 - Motor diesel Cummins ISC 8.3<\/li>\n<li><strong>Tens\u00e3o<\/strong>: 12V<\/li>\n<\/ul>","protected":false},"featured_media":4266,"template":"","meta":[],"etheme_brands":[],"product_brand":[],"product_cat":[54],"product_tag":[],"class_list":{"0":"post-1742","1":"product","2":"type-product","3":"status-publish","4":"has-post-thumbnail","6":"product_cat-he531ve-series","8":"first","9":"instock","10":"shipping-taxable","11":"purchasable","12":"product-type-simple"},"yoast_head":"<!-- This site is optimized with the Yoast SEO Premium plugin v25.4 (Yoast SEO v25.4) - https:\/\/yoast.com\/wordpress\/plugins\/seo\/ -->\n<title>Holset Turbo Actuator 3787565 for 2010- Cummins ISC 8.3 diesel engine - Sieruyi Auto Parts<\/title>\n<meta name=\"robots\" content=\"index, follow, max-snippet:-1, max-image-preview:large, max-video-preview:-1\" \/>\n<link rel=\"canonical\" href=\"https:\/\/www.sieruyi.com\/pt\/product\/sie-y5104-12v-3787565-actuator\" \/>\n<meta property=\"og:locale\" content=\"pt_PT\" \/>\n<meta property=\"og:type\" content=\"article\" \/>\n<meta property=\"og:title\" content=\"Holset Turbo Actuator 3787565 for 2010- Cummins ISC 8.3 diesel engine\" \/>\n<meta property=\"og:description\" content=\"Actuator part NO.: 3787565  Actuator Part Number: 4034287 \/ 4034287HX \/ 4034118 \/ 4032765 \/ 4032765NX \/ 4034282RX \/ 4034287HX \/ 4034118 \/ 4032765 \/ 4032765NX \/ 4034282RX \/ 2840219 \/ 4034122HX  APPLICATION:\u00a0 2010- Cummins ISC 8.3 diesel engine  Voltage: 12V\" \/>\n<meta property=\"og:url\" content=\"https:\/\/www.sieruyi.com\/pt\/product\/sie-y5104-12v-3787565-actuator\" \/>\n<meta property=\"og:site_name\" content=\"Sieruyi Auto Parts\" \/>\n<meta property=\"article:modified_time\" content=\"2025-06-23T03:04:55+00:00\" \/>\n<meta property=\"og:image\" content=\"https:\/\/www.sieruyi.com\/wp-content\/uploads\/2025\/06\/SIE_YS5_Series_turbo_actuator_p0.webp\" \/>\n\t<meta property=\"og:image:width\" content=\"800\" \/>\n\t<meta property=\"og:image:height\" content=\"800\" \/>\n\t<meta property=\"og:image:type\" content=\"image\/webp\" \/>\n<meta name=\"twitter:card\" content=\"summary_large_image\" \/>\n<script type=\"application\/ld+json\" class=\"yoast-schema-graph\">{\"@context\":\"https:\/\/schema.org\",\"@graph\":[{\"@type\":\"WebPage\",\"@id\":\"https:\/\/www.sieruyi.com\/product\/sie-y5104-12v-3787565-actuator\",\"url\":\"https:\/\/www.sieruyi.com\/product\/sie-y5104-12v-3787565-actuator\",\"name\":\"Holset Turbo Actuator 3787565 for 2010- Cummins ISC 8.3 diesel engine - Sieruyi Auto Parts\",\"isPartOf\":{\"@id\":\"https:\/\/www.sieruyi.com\/#website\"},\"primaryImageOfPage\":{\"@id\":\"https:\/\/www.sieruyi.com\/product\/sie-y5104-12v-3787565-actuator#primaryimage\"},\"image\":{\"@id\":\"https:\/\/www.sieruyi.com\/product\/sie-y5104-12v-3787565-actuator#primaryimage\"},\"thumbnailUrl\":\"https:\/\/www.sieruyi.com\/wp-content\/uploads\/2025\/06\/SIE_YS5_Series_turbo_actuator_p0.webp\",\"datePublished\":\"2025-06-12T06:02:00+00:00\",\"dateModified\":\"2025-06-23T03:04:55+00:00\",\"breadcrumb\":{\"@id\":\"https:\/\/www.sieruyi.com\/product\/sie-y5104-12v-3787565-actuator#breadcrumb\"},\"inLanguage\":\"pt-PT\",\"potentialAction\":[{\"@type\":\"ReadAction\",\"target\":[\"https:\/\/www.sieruyi.com\/product\/sie-y5104-12v-3787565-actuator\"]}]},{\"@type\":\"ImageObject\",\"inLanguage\":\"pt-PT\",\"@id\":\"https:\/\/www.sieruyi.com\/product\/sie-y5104-12v-3787565-actuator#primaryimage\",\"url\":\"https:\/\/www.sieruyi.com\/wp-content\/uploads\/2025\/06\/SIE_YS5_Series_turbo_actuator_p0.webp\",\"contentUrl\":\"https:\/\/www.sieruyi.com\/wp-content\/uploads\/2025\/06\/SIE_YS5_Series_turbo_actuator_p0.webp\",\"width\":800,\"height\":800},{\"@type\":\"BreadcrumbList\",\"@id\":\"https:\/\/www.sieruyi.com\/product\/sie-y5104-12v-3787565-actuator#breadcrumb\",\"itemListElement\":[{\"@type\":\"ListItem\",\"position\":1,\"name\":\"\u9996\u9875\",\"item\":\"https:\/\/www.sieruyi.com\/\"},{\"@type\":\"ListItem\",\"position\":2,\"name\":\"Products\",\"item\":\"https:\/\/www.sieruyi.com\/product\"},{\"@type\":\"ListItem\",\"position\":3,\"name\":\"Holset Turbo Actuator 3787565 for 2010- Cummins ISC 8.3 diesel engine\"}]},{\"@type\":\"WebSite\",\"@id\":\"https:\/\/www.sieruyi.com\/#website\",\"url\":\"https:\/\/www.sieruyi.com\/\",\"name\":\"Sieruyi Auto Parts\",\"description\":\"\",\"publisher\":{\"@id\":\"https:\/\/www.sieruyi.com\/#organization\"},\"potentialAction\":[{\"@type\":\"SearchAction\",\"target\":{\"@type\":\"EntryPoint\",\"urlTemplate\":\"https:\/\/www.sieruyi.com\/?s={search_term_string}\"},\"query-input\":{\"@type\":\"PropertyValueSpecification\",\"valueRequired\":true,\"valueName\":\"search_term_string\"}}],\"inLanguage\":\"pt-PT\"},{\"@type\":\"Organization\",\"@id\":\"https:\/\/www.sieruyi.com\/#organization\",\"name\":\"Sieruyi Auto Parts\",\"url\":\"https:\/\/www.sieruyi.com\/\",\"logo\":{\"@type\":\"ImageObject\",\"inLanguage\":\"pt-PT\",\"@id\":\"https:\/\/www.sieruyi.com\/#\/schema\/logo\/image\/\",\"url\":\"https:\/\/www.sieruyi.com\/wp-content\/uploads\/2025\/05\/blacklogo.webp\",\"contentUrl\":\"https:\/\/www.sieruyi.com\/wp-content\/uploads\/2025\/05\/blacklogo.webp\",\"width\":904,\"height\":226,\"caption\":\"Sieruyi Auto Parts\"},\"image\":{\"@id\":\"https:\/\/www.sieruyi.com\/#\/schema\/logo\/image\/\"}}]}<\/script>\n<!-- \/ Yoast SEO Premium plugin. -->","yoast_head_json":{"title":"Atuador de turbo Holset 3787565 para motor diesel Cummins ISC 8.3 de 2010 em diante - Sieruyi Auto Parts","robots":{"index":"index","follow":"follow","max-snippet":"max-snippet:-1","max-image-preview":"max-image-preview:large","max-video-preview":"max-video-preview:-1"},"canonical":"https:\/\/www.sieruyi.com\/pt\/product\/sie-y5104-12v-3787565-actuator","og_locale":"pt_PT","og_type":"article","og_title":"Holset Turbo Actuator 3787565 for 2010- Cummins ISC 8.3 diesel engine","og_description":"Actuator part NO.: 3787565  Actuator Part Number: 4034287 \/ 4034287HX \/ 4034118 \/ 4032765 \/ 4032765NX \/ 4034282RX \/ 4034287HX \/ 4034118 \/ 4032765 \/ 4032765NX \/ 4034282RX \/ 2840219 \/ 4034122HX  APPLICATION:\u00a0 2010- Cummins ISC 8.3 diesel engine  Voltage: 12V","og_url":"https:\/\/www.sieruyi.com\/pt\/product\/sie-y5104-12v-3787565-actuator","og_site_name":"Sieruyi Auto Parts","article_modified_time":"2025-06-23T03:04:55+00:00","og_image":[{"width":800,"height":800,"url":"https:\/\/www.sieruyi.com\/wp-content\/uploads\/2025\/06\/SIE_YS5_Series_turbo_actuator_p0.webp","type":"image\/webp"}],"twitter_card":"summary_large_image","schema":{"@context":"https:\/\/schema.org","@graph":[{"@type":"WebPage","@id":"https:\/\/www.sieruyi.com\/product\/sie-y5104-12v-3787565-actuator","url":"https:\/\/www.sieruyi.com\/product\/sie-y5104-12v-3787565-actuator","name":"Atuador de turbo Holset 3787565 para motor diesel Cummins ISC 8.3 de 2010 em diante - Sieruyi Auto Parts","isPartOf":{"@id":"https:\/\/www.sieruyi.com\/#website"},"primaryImageOfPage":{"@id":"https:\/\/www.sieruyi.com\/product\/sie-y5104-12v-3787565-actuator#primaryimage"},"image":{"@id":"https:\/\/www.sieruyi.com\/product\/sie-y5104-12v-3787565-actuator#primaryimage"},"thumbnailUrl":"https:\/\/www.sieruyi.com\/wp-content\/uploads\/2025\/06\/SIE_YS5_Series_turbo_actuator_p0.webp","datePublished":"2025-06-12T06:02:00+00:00","dateModified":"2025-06-23T03:04:55+00:00","breadcrumb":{"@id":"https:\/\/www.sieruyi.com\/product\/sie-y5104-12v-3787565-actuator#breadcrumb"},"inLanguage":"pt-PT","potentialAction":[{"@type":"ReadAction","target":["https:\/\/www.sieruyi.com\/product\/sie-y5104-12v-3787565-actuator"]}]},{"@type":"ImageObject","inLanguage":"pt-PT","@id":"https:\/\/www.sieruyi.com\/product\/sie-y5104-12v-3787565-actuator#primaryimage","url":"https:\/\/www.sieruyi.com\/wp-content\/uploads\/2025\/06\/SIE_YS5_Series_turbo_actuator_p0.webp","contentUrl":"https:\/\/www.sieruyi.com\/wp-content\/uploads\/2025\/06\/SIE_YS5_Series_turbo_actuator_p0.webp","width":800,"height":800},{"@type":"BreadcrumbList","@id":"https:\/\/www.sieruyi.com\/product\/sie-y5104-12v-3787565-actuator#breadcrumb","itemListElement":[{"@type":"ListItem","position":1,"name":"\u9996\u9875","item":"https:\/\/www.sieruyi.com\/"},{"@type":"ListItem","position":2,"name":"Products","item":"https:\/\/www.sieruyi.com\/product"},{"@type":"ListItem","position":3,"name":"Holset Turbo Actuator 3787565 for 2010- Cummins ISC 8.3 diesel engine"}]},{"@type":"WebSite","@id":"https:\/\/www.sieruyi.com\/#website","url":"https:\/\/www.sieruyi.com\/","name":"Pe\u00e7as automotivas Sieruyi","description":"","publisher":{"@id":"https:\/\/www.sieruyi.com\/#organization"},"potentialAction":[{"@type":"SearchAction","target":{"@type":"EntryPoint","urlTemplate":"https:\/\/www.sieruyi.com\/?s={search_term_string}"},"query-input":{"@type":"PropertyValueSpecification","valueRequired":true,"valueName":"search_term_string"}}],"inLanguage":"pt-PT"},{"@type":"Organization","@id":"https:\/\/www.sieruyi.com\/#organization","name":"Pe\u00e7as automotivas Sieruyi","url":"https:\/\/www.sieruyi.com\/","logo":{"@type":"ImageObject","inLanguage":"pt-PT","@id":"https:\/\/www.sieruyi.com\/#\/schema\/logo\/image\/","url":"https:\/\/www.sieruyi.com\/wp-content\/uploads\/2025\/05\/blacklogo.webp","contentUrl":"https:\/\/www.sieruyi.com\/wp-content\/uploads\/2025\/05\/blacklogo.webp","width":904,"height":226,"caption":"Sieruyi Auto Parts"},"image":{"@id":"https:\/\/www.sieruyi.com\/#\/schema\/logo\/image\/"}}]}},"_links":{"self":[{"href":"https:\/\/www.sieruyi.com\/pt\/wp-json\/wp\/v2\/product\/1742","targetHints":{"allow":["GET"]}}],"collection":[{"href":"https:\/\/www.sieruyi.com\/pt\/wp-json\/wp\/v2\/product"}],"about":[{"href":"https:\/\/www.sieruyi.com\/pt\/wp-json\/wp\/v2\/types\/product"}],"version-history":[{"count":2,"href":"https:\/\/www.sieruyi.com\/pt\/wp-json\/wp\/v2\/product\/1742\/revisions"}],"predecessor-version":[{"id":4281,"href":"https:\/\/www.sieruyi.com\/pt\/wp-json\/wp\/v2\/product\/1742\/revisions\/4281"}],"wp:featuredmedia":[{"embeddable":true,"href":"https:\/\/www.sieruyi.com\/pt\/wp-json\/wp\/v2\/media\/4266"}],"wp:attachment":[{"href":"https:\/\/www.sieruyi.com\/pt\/wp-json\/wp\/v2\/media?parent=1742"}],"wp:term":[{"taxonomy":"brand","embeddable":true,"href":"https:\/\/www.sieruyi.com\/pt\/wp-json\/wp\/v2\/etheme_brands?post=1742"},{"taxonomy":"product_brand","embeddable":true,"href":"https:\/\/www.sieruyi.com\/pt\/wp-json\/wp\/v2\/product_brand?post=1742"},{"taxonomy":"product_cat","embeddable":true,"href":"https:\/\/www.sieruyi.com\/pt\/wp-json\/wp\/v2\/product_cat?post=1742"},{"taxonomy":"product_tag","embeddable":true,"href":"https:\/\/www.sieruyi.com\/pt\/wp-json\/wp\/v2\/product_tag?post=1742"}],"curies":[{"name":"wp","href":"https:\/\/api.w.org\/{rel}","templated":true}]}}